{"id":409,"date":"2025-10-10T14:26:40","date_gmt":"2025-10-10T14:26:40","guid":{"rendered":"https:\/\/www.supreme-products.com\/?post_type=product&#038;p=409"},"modified":"2025-10-10T14:26:52","modified_gmt":"2025-10-10T14:26:52","slug":"coco-b","status":"publish","type":"product","link":"https:\/\/www.supreme-products.com\/es\/product\/coco-b\/","title":{"rendered":"Coco B"},"content":{"rendered":"<h3 class=\"p1\">Complementa Supreme Coco A con Supreme Coco B, mejorando la disponibilidad de nutrientes para un crecimiento robusto y una salud superior de las plantas en sustratos de coco.<\/h3>\n<p class=\"p1\"><em><strong>Utilice Supreme Coco B en combinaci\u00f3n con Coco A.<\/strong><\/em><\/p>\n<p class=\"p1\"><strong>INSTRUCCIONES DE USO<\/strong><\/p>\n<ul>\n<li class=\"p1\">Agitar bien antes de usar.<\/li>\n<li class=\"p1\">A\u00f1adir: 1,5-4 mL por L de agua.<\/li>\n<li class=\"p1\">Utilice esta soluci\u00f3n nutritiva en cada riego durante la fase de crecimiento y floraci\u00f3n.<\/li>\n<li class=\"p1\">En primer lugar, a\u00f1ada Coco A al dep\u00f3sito de nutrientes Remueva bien y, a continuaci\u00f3n, a\u00f1ada Coco B.<\/li>\n<li class=\"p1\">Por cada dosis de Coco A, utilice una cantidad igual de Coco B.<\/li>\n<\/ul>\n<p class=\"p1\"><strong>ALMACENAMIENTO<\/strong><\/p>\n<ul>\n<li class=\"p1\">Mantener fuera del alcance de los ni\u00f1os.<\/li>\n<li class=\"p1\">Conservar en un lugar fresco y seco.<\/li>\n<li class=\"p1\">Conservar el producto en su envase original.<\/li>\n<\/ul>\n<p class=\"p2\"><em>FICHA DE DATOS DE SEGURIDAD DISPONIBLE PREVIA SOLICITUD.<\/em><\/p>","protected":false},"excerpt":{"rendered":"<h3 class=\"p1\">Abono bicomponente para coco.<\/h3>\n<p class=\"p1\">Complementa Supreme Coco A con Supreme Coco B, mejorando la disponibilidad de nutrientes para un crecimiento robusto y una salud superior de las plantas en sustratos de coco.<\/p>","protected":false},"featured_media":388,"comment_status":"open","ping_status":"closed","template":"","meta":[],"product_brand":[],"product_cat":[21],"product_tag":[],"class_list":{"0":"post-409","1":"product","2":"type-product","3":"status-publish","4":"has-post-thumbnail","6":"product_cat-fertilizers","8":"first","9":"instock","10":"shipping-taxable","11":"product-type-simple"},"_links":{"self":[{"href":"https:\/\/www.supreme-products.com\/es\/wp-json\/wp\/v2\/product\/409","targetHints":{"allow":["GET"]}}],"collection":[{"href":"https:\/\/www.supreme-products.com\/es\/wp-json\/wp\/v2\/product"}],"about":[{"href":"https:\/\/www.supreme-products.com\/es\/wp-json\/wp\/v2\/types\/product"}],"replies":[{"embeddable":true,"href":"https:\/\/www.supreme-products.com\/es\/wp-json\/wp\/v2\/comments?post=409"}],"wp:featuredmedia":[{"embeddable":true,"href":"https:\/\/www.supreme-products.com\/es\/wp-json\/wp\/v2\/media\/388"}],"wp:attachment":[{"href":"https:\/\/www.supreme-products.com\/es\/wp-json\/wp\/v2\/media?parent=409"}],"wp:term":[{"taxonomy":"product_brand","embeddable":true,"href":"https:\/\/www.supreme-products.com\/es\/wp-json\/wp\/v2\/product_brand?post=409"},{"taxonomy":"product_cat","embeddable":true,"href":"https:\/\/www.supreme-products.com\/es\/wp-json\/wp\/v2\/product_cat?post=409"},{"taxonomy":"product_tag","embeddable":true,"href":"https:\/\/www.supreme-products.com\/es\/wp-json\/wp\/v2\/product_tag?post=409"}],"curies":[{"name":"wp","href":"https:\/\/api.w.org\/{rel}","templated":true}]}}