{"id":402,"date":"2025-10-10T13:55:47","date_gmt":"2025-10-10T13:55:47","guid":{"rendered":"https:\/\/www.supreme-products.com\/?post_type=product&#038;p=402"},"modified":"2025-10-10T13:55:47","modified_gmt":"2025-10-10T13:55:47","slug":"pk-booster","status":"publish","type":"product","link":"https:\/\/www.supreme-products.com\/es\/product\/pk-booster\/","title":{"rendered":"Refuerzo PK"},"content":{"rendered":"<h3 class=\"p1\">Es un potente estimulador que optimiza la floraci\u00f3n y promueve el crecimiento de cogollos m\u00e1s pesados y densos.<\/h3>\n<p class=\"p1\">Una mol\u00e9cula de carbono \u00fanica estimula el proceso de fotos\u00edntesis. Contiene f\u00f3sforo (P), potasio (K) y hierro (Fe) esenciales, que potencian el desarrollo de frutos y flores para un rendimiento abundante y de alta calidad.<\/p>\n<ul>\n<li class=\"p1\">El f\u00f3sforo potencia la divisi\u00f3n celular de la planta y aumenta la producci\u00f3n de flores y frutos.<\/li>\n<li class=\"p1\">El potasio refuerza la resistencia de las plantas y mejora la eficacia del uso del agua.<\/li>\n<li class=\"p1\">El hierro es esencial para la producci\u00f3n de clorofila y la vitalidad general de las plantas.<\/li>\n<\/ul>\n<p class=\"p1\"><strong>INSTRUCCIONES DE USO<\/strong><\/p>\n<ul>\n<li class=\"p1\">Agitar bien antes de usar.<\/li>\n<li class=\"p1\">A\u00f1adir: 1 mL por L de agua.<\/li>\n<li class=\"p1\">Utilizar con cada riego, a partir de la cuarta semana de la fase de floraci\u00f3n.<\/li>\n<\/ul>\n<p class=\"p1\"><strong>ALMACENAMIENTO<\/strong><\/p>\n<ul>\n<li class=\"p1\">Mantener fuera del alcance de los ni\u00f1os.<\/li>\n<li class=\"p1\">Conservar en un lugar fresco y seco.<\/li>\n<li class=\"p1\">Conservar el producto en su envase original.<\/li>\n<\/ul>\n<p class=\"p2\"><em>FICHA DE DATOS DE SEGURIDAD DISPONIBLE PREVIA SOLICITUD.<\/em><\/p>","protected":false},"excerpt":{"rendered":"<h3 class=\"p1\">Potenciar el desarrollo de frutos y flores.<\/h3>\n<p class=\"p1\">Es un potente estimulador que optimiza la floraci\u00f3n y promueve el crecimiento de cogollos m\u00e1s pesados y densos.<\/p>","protected":false},"featured_media":391,"comment_status":"open","ping_status":"closed","template":"","meta":[],"product_brand":[],"product_cat":[21],"product_tag":[],"class_list":{"0":"post-402","1":"product","2":"type-product","3":"status-publish","4":"has-post-thumbnail","6":"product_cat-fertilizers","8":"first","9":"instock","10":"shipping-taxable","11":"product-type-simple"},"_links":{"self":[{"href":"https:\/\/www.supreme-products.com\/es\/wp-json\/wp\/v2\/product\/402","targetHints":{"allow":["GET"]}}],"collection":[{"href":"https:\/\/www.supreme-products.com\/es\/wp-json\/wp\/v2\/product"}],"about":[{"href":"https:\/\/www.supreme-products.com\/es\/wp-json\/wp\/v2\/types\/product"}],"replies":[{"embeddable":true,"href":"https:\/\/www.supreme-products.com\/es\/wp-json\/wp\/v2\/comments?post=402"}],"wp:featuredmedia":[{"embeddable":true,"href":"https:\/\/www.supreme-products.com\/es\/wp-json\/wp\/v2\/media\/391"}],"wp:attachment":[{"href":"https:\/\/www.supreme-products.com\/es\/wp-json\/wp\/v2\/media?parent=402"}],"wp:term":[{"taxonomy":"product_brand","embeddable":true,"href":"https:\/\/www.supreme-products.com\/es\/wp-json\/wp\/v2\/product_brand?post=402"},{"taxonomy":"product_cat","embeddable":true,"href":"https:\/\/www.supreme-products.com\/es\/wp-json\/wp\/v2\/product_cat?post=402"},{"taxonomy":"product_tag","embeddable":true,"href":"https:\/\/www.supreme-products.com\/es\/wp-json\/wp\/v2\/product_tag?post=402"}],"curies":[{"name":"wp","href":"https:\/\/api.w.org\/{rel}","templated":true}]}}