{"id":399,"date":"2025-10-10T13:47:40","date_gmt":"2025-10-10T13:47:40","guid":{"rendered":"https:\/\/www.supreme-products.com\/?post_type=product&#038;p=399"},"modified":"2025-10-10T13:49:17","modified_gmt":"2025-10-10T13:49:17","slug":"bloom-booster","status":"publish","type":"product","link":"https:\/\/www.supreme-products.com\/es\/product\/bloom-booster\/","title":{"rendered":"Potenciador de floraci\u00f3n"},"content":{"rendered":"<h3 class=\"p1\">Especialmente dise\u00f1ado para inducir la floraci\u00f3n y maximizar la producci\u00f3n de flores.<\/h3>\n<p class=\"p1\">Favorece una floraci\u00f3n potente, un mayor rendimiento y realza tanto el sabor como el aroma de las flores. Esta f\u00f3rmula contiene una mezcla cuidadosamente equilibrada de ingredientes activos que trabajan juntos para un rendimiento \u00f3ptimo.<\/p>\n<ul>\n<li class=\"p1\"><strong>\u00c1cidos h\u00famicos<\/strong> aumentan la absorci\u00f3n de nutrientes, mejorando la floraci\u00f3n y la salud de las plantas.<\/li>\n<li class=\"p1\"><strong>Amino\u00e1cidos<\/strong> acelerar el desarrollo de la floraci\u00f3n fomentando la producci\u00f3n de la hormona de la floraci\u00f3n.<\/li>\n<li class=\"p1\"><strong>Polisac\u00e1ridos<\/strong> mejoran la estructura del suelo, favorecen la absorci\u00f3n y estimulan los microbios beneficiosos del suelo.<\/li>\n<li class=\"p1\"><strong>Hormonas vegetales naturales<\/strong> estimular una floraci\u00f3n y un crecimiento vigorosos.<\/li>\n<\/ul>\n<p>&nbsp;<\/p>\n<p class=\"p1\">Nitr\u00f3geno total (tot-N)...........................................................0,9<\/p>\n<p class=\"p1\">Nitr\u00f3geno org\u00e1nico (Org-N) ...................................................0,9<\/p>\n<p class=\"p1\">Pent\u00f3xido de f\u00f3sforo (P2O5) ...........................................,6<\/p>\n<p class=\"p1\">\u00d3xido de potasio (K2O) ......................................................,7<\/p>\n<p class=\"p1\">Tri\u00f3xido de azufre (SO3) ..........................................................,4<\/p>\n<p>&nbsp;<\/p>\n<p class=\"p1\"><strong>INSTRUCCIONES DE USO<\/strong><\/p>\n<ul>\n<li class=\"p1\">Agitar bien antes de usar.<\/li>\n<li class=\"p1\">A\u00f1adir: 1 mL por L de agua.<\/li>\n<li class=\"p1\">Utilizar desde la primera semana de la fase de floraci\u00f3n hasta el enrojecimiento<\/li>\n<\/ul>\n<p class=\"p1\"><strong>ALMACENAMIENTO<\/strong><\/p>\n<ul>\n<li class=\"p1\">Mantener fuera del alcance de los ni\u00f1os.<\/li>\n<li class=\"p1\">Conservar en un lugar fresco y seco.<\/li>\n<li class=\"p1\">Conservar el producto en su envase original.<\/li>\n<\/ul>\n<p class=\"p2\"><em>FICHA DE DATOS DE SEGURIDAD DISPONIBLE PREVIA SOLICITUD.<\/em><\/p>","protected":false},"excerpt":{"rendered":"<h3 class=\"p1\">Maximizar la producci\u00f3n de flores y el sabor.<\/h3>\n<p class=\"p1\">Especialmente dise\u00f1ado para inducir la floraci\u00f3n y maximizar la producci\u00f3n de flores. Promueve una floraci\u00f3n potente, un mayor rendimiento y realza tanto el sabor como el aroma de las flores. Esta f\u00f3rmula contiene una mezcla cuidadosamente equilibrada de ingredientes activos que trabajan juntos para un rendimiento \u00f3ptimo.<\/p>","protected":false},"featured_media":385,"comment_status":"open","ping_status":"closed","template":"","meta":[],"product_brand":[],"product_cat":[21],"product_tag":[],"class_list":{"0":"post-399","1":"product","2":"type-product","3":"status-publish","4":"has-post-thumbnail","6":"product_cat-fertilizers","8":"first","9":"instock","10":"shipping-taxable","11":"product-type-simple"},"_links":{"self":[{"href":"https:\/\/www.supreme-products.com\/es\/wp-json\/wp\/v2\/product\/399","targetHints":{"allow":["GET"]}}],"collection":[{"href":"https:\/\/www.supreme-products.com\/es\/wp-json\/wp\/v2\/product"}],"about":[{"href":"https:\/\/www.supreme-products.com\/es\/wp-json\/wp\/v2\/types\/product"}],"replies":[{"embeddable":true,"href":"https:\/\/www.supreme-products.com\/es\/wp-json\/wp\/v2\/comments?post=399"}],"wp:featuredmedia":[{"embeddable":true,"href":"https:\/\/www.supreme-products.com\/es\/wp-json\/wp\/v2\/media\/385"}],"wp:attachment":[{"href":"https:\/\/www.supreme-products.com\/es\/wp-json\/wp\/v2\/media?parent=399"}],"wp:term":[{"taxonomy":"product_brand","embeddable":true,"href":"https:\/\/www.supreme-products.com\/es\/wp-json\/wp\/v2\/product_brand?post=399"},{"taxonomy":"product_cat","embeddable":true,"href":"https:\/\/www.supreme-products.com\/es\/wp-json\/wp\/v2\/product_cat?post=399"},{"taxonomy":"product_tag","embeddable":true,"href":"https:\/\/www.supreme-products.com\/es\/wp-json\/wp\/v2\/product_tag?post=399"}],"curies":[{"name":"wp","href":"https:\/\/api.w.org\/{rel}","templated":true}]}}