{"id":397,"date":"2025-10-10T13:43:33","date_gmt":"2025-10-10T13:43:33","guid":{"rendered":"https:\/\/www.supreme-products.com\/?post_type=product&#038;p=397"},"modified":"2025-10-10T14:38:27","modified_gmt":"2025-10-10T14:38:27","slug":"root-booster","status":"publish","type":"product","link":"https:\/\/www.supreme-products.com\/es\/product\/root-booster\/","title":{"rendered":"Potenciador de ra\u00edces"},"content":{"rendered":"<h3 class=\"p1\">Es un potente aditivo estimulante de las ra\u00edces a base de \u00e1cidos h\u00famicos, extracto de algas, prote\u00ednas hidrolizadas y vitaminas.<\/h3>\n<ul>\n<li class=\"p1\"><strong>\u00c1cidos h\u00famicos<\/strong> fomentan la ramificaci\u00f3n de las ra\u00edces y el desarrollo de pelos radiculares m\u00e1s gruesos, mejorando tanto la absorci\u00f3n como el transporte de nutrientes dentro de la planta.<\/li>\n<li class=\"p1\"><strong>Extracci\u00f3n de algas<\/strong>ontiene metabolitos vegetales esenciales que mejoran la estructura del suelo y optimizan el desarrollo de las ra\u00edces.<\/li>\n<li class=\"p1\"><strong>Prote\u00ednas hidrolizadas<\/strong> optimizar el crecimiento de las ra\u00edces, contribuir al desarrollo de las pl\u00e1ntulas, promover la formaci\u00f3n de ra\u00edces laterales y mejorar la tolerancia al estr\u00e9s abi\u00f3tico.<\/li>\n<li class=\"p1\"><strong>Vitaminas<\/strong> estimulan el proceso de crecimiento y activan los mecanismos adecuados para un desarrollo sano de las ra\u00edces.<\/li>\n<\/ul>\n<p class=\"p1\"><strong>INSTRUCCIONES DE USO<\/strong><\/p>\n<ul>\n<li class=\"p1\">Agitar bien antes de usar.<\/li>\n<li class=\"p1\">A\u00f1adir: 1 mL por L de agua.<\/li>\n<li class=\"p1\">Utilizar con cada riego hasta la semana 4 de la fase de floraci\u00f3n.<\/li>\n<\/ul>\n<p class=\"p1\"><strong>ALMACENAMIENTO<\/strong><\/p>\n<ul>\n<li class=\"p1\">Mantener fuera del alcance de los ni\u00f1os.<\/li>\n<li class=\"p1\">Conservar en un lugar fresco y seco.<\/li>\n<li class=\"p1\">Conservar el producto en su envase original.<\/li>\n<\/ul>\n<p class=\"p2\"><em>FICHA DE DATOS DE SEGURIDAD DISPONIBLE PREVIA SOLICITUD.<\/em><\/p>","protected":false},"excerpt":{"rendered":"<h3 class=\"p1\">Promover unos cimientos fuertes y sanos.<\/h3>\n<p>Es un potente aditivo estimulante de las ra\u00edces a base de \u00e1cidos h\u00famicos, extracto de algas, prote\u00ednas hidrolizadas y vitaminas.<\/p>","protected":false},"featured_media":394,"comment_status":"open","ping_status":"closed","template":"","meta":[],"product_brand":[],"product_cat":[21],"product_tag":[],"class_list":{"0":"post-397","1":"product","2":"type-product","3":"status-publish","4":"has-post-thumbnail","6":"product_cat-fertilizers","8":"first","9":"instock","10":"shipping-taxable","11":"product-type-simple"},"_links":{"self":[{"href":"https:\/\/www.supreme-products.com\/es\/wp-json\/wp\/v2\/product\/397","targetHints":{"allow":["GET"]}}],"collection":[{"href":"https:\/\/www.supreme-products.com\/es\/wp-json\/wp\/v2\/product"}],"about":[{"href":"https:\/\/www.supreme-products.com\/es\/wp-json\/wp\/v2\/types\/product"}],"replies":[{"embeddable":true,"href":"https:\/\/www.supreme-products.com\/es\/wp-json\/wp\/v2\/comments?post=397"}],"wp:featuredmedia":[{"embeddable":true,"href":"https:\/\/www.supreme-products.com\/es\/wp-json\/wp\/v2\/media\/394"}],"wp:attachment":[{"href":"https:\/\/www.supreme-products.com\/es\/wp-json\/wp\/v2\/media?parent=397"}],"wp:term":[{"taxonomy":"product_brand","embeddable":true,"href":"https:\/\/www.supreme-products.com\/es\/wp-json\/wp\/v2\/product_brand?post=397"},{"taxonomy":"product_cat","embeddable":true,"href":"https:\/\/www.supreme-products.com\/es\/wp-json\/wp\/v2\/product_cat?post=397"},{"taxonomy":"product_tag","embeddable":true,"href":"https:\/\/www.supreme-products.com\/es\/wp-json\/wp\/v2\/product_tag?post=397"}],"curies":[{"name":"wp","href":"https:\/\/api.w.org\/{rel}","templated":true}]}}