{"id":378,"date":"2025-10-10T12:24:06","date_gmt":"2025-10-10T12:24:06","guid":{"rendered":"https:\/\/www.supreme-products.com\/?post_type=product&#038;p=378"},"modified":"2025-10-21T14:06:37","modified_gmt":"2025-10-21T14:06:37","slug":"monster-living-soil-concentrate","status":"publish","type":"product","link":"https:\/\/www.supreme-products.com\/es\/product\/monster-living-soil-concentrate\/","title":{"rendered":"Concentrado de tierra Monster Living"},"content":{"rendered":"<h2 class=\"p1\">Sustrato de cultivo concentrado<\/h2>\n<p class=\"p2\"><strong>Hecho de:<\/strong>Mezcla de turba herb\u00e1cea y musgo esfagno (niveles de descomposici\u00f3n H3-H6), humus de lombriz y fibra de coco.<br \/>\n<span class=\"s1\"><strong>Contenido de materia org\u00e1nica:<\/strong> <\/span>28% (basado en la masa neta).<br \/>\n<span class=\"s1\"><strong>Materias primas:<\/strong> <\/span>50% turba de turbera elevada (H3-H6), fibra de coco, humus de lombriz, perlita (0-5 mm de granulometr\u00eda), carbonato c\u00e1lcico (CaCO ), cal rica en magnesio (Mg-CaCO ) y abono org\u00e1nico-mineral NPK 7-7-7.<\/p>\n<p class=\"p2\"><strong>pH:<\/strong> 7,4 (CaCl )<br \/>\n<strong>Salinidad:<\/strong> 6,0 g\/l (m\u00e9todo KCl)<\/p>\n<p class=\"p2\"><em><strong>Nutrientes disponibles para las plantas (solubles) (extra\u00edbles):<\/strong><\/em><\/p>\n<ul>\n<li class=\"p2\">Nitr\u00f3geno (N): 400 mg\/l (CaCl )<\/li>\n<li class=\"p2\">Fosfato (P O ): 1.800 mg\/l (CAL)<\/li>\n<li class=\"p2\">\u00d3xido de potasio (K O): 1.200 mg\/l (CAL)<\/li>\n<li class=\"p2\">Magnesio (Mg): 900 mg\/l (CaCl )<\/li>\n<li class=\"p2\">Azufre (S): 1.700 mg\/l (CaCl )<\/li>\n<\/ul>\n<p class=\"p2\"><strong>Ayudas a la aplicaci\u00f3n:<\/strong> Perlita para mejorar el equilibrio h\u00eddrico; CaCO \/Mg-CaCO para ajustar el pH.<br \/>\n<strong>Almacenamiento:<\/strong> Almacenar en un lugar fresco y seco, protegido de la intemperie. Vuelva a cerrar las bolsas abiertas.<br \/>\n<strong>Aplicaci\u00f3n:<\/strong> Medio de cultivo concentrado para plantas ornamentales y comestibles en macetas\/recipientes. Diluir bien antes de usar. Mezcle Monster Soil Concentrate 1:1 con una tierra org\u00e1nica (por ejemplo, All-Mix o Light-Mix org\u00e1nicos). Ejemplo: 50 L de Monster Soil Concentrado + 50 L de All-Mix = 100 L de tierra lista para usar.<\/p>\n<h4 class=\"p1\"><strong>Informaci\u00f3n voluntaria<\/strong><\/h4>\n<p class=\"p2\"><strong><span class=\"s1\">Microorganismos (a\u00f1adidos): <\/span><\/strong>Micorrizas, Trichoderma spp., otros hongos beneficiosos.<br \/>\n<strong><span class=\"s1\">Actividad biol\u00f3gica (PNP): <\/span><\/strong>1,006 g PNP\/g DM\/h - Evaluaci\u00f3n en laboratorio: Buena actividad.<\/p>\n<p><strong>Otras recomendaciones de uso<\/strong><\/p>\n<ul>\n<li class=\"p2\"><span class=\"s1\"><strong>Preparaci\u00f3n:<\/strong> <\/span>Para empezar a cultivar, mezcle Monster Soil Concentrate 1:1 con tierra org\u00e1nica para obtener un sustrato totalmente pre-fertilizado y listo para usar.<\/li>\n<li class=\"p2\"><span class=\"s1\"><strong>Tama\u00f1o de la maceta:<\/strong> <\/span>Al menos 11 litros por planta.<\/li>\n<li class=\"p2\"><span class=\"s1\"><strong>Pl\u00e1ntulas\/plantas j\u00f3venes:<\/strong> <\/span>Para aclimatar la planta a Monster Soil, prepare un hoyo de plantaci\u00f3n como zona tamp\u00f3n con 0,5 litros de Light Mix y plante all\u00ed la planta joven. Precultive las pl\u00e1ntulas en tacos de cultivo.<\/li>\n<li class=\"p2\"><strong><span class=\"s1\">Riego: <\/span><\/strong>Utilice s\u00f3lo agua sin cloro. No es necesario ajustar el pH. Riegue uniformemente, evitando el encharcamiento.<\/li>\n<li class=\"p2\"><strong><span class=\"s1\">Reutilizaci\u00f3n: <\/span><\/strong>Afloje la tierra usada y mezcle 3-4 litros de Monster Soil Concentrado fresco por cada 10 litros de sustrato usado.<\/li>\n<\/ul>\n<p class=\"p1\"><strong>Descargo de responsabilidad<\/strong><\/p>\n<p class=\"p1\">Este producto est\u00e1 destinado al uso de aficionados y exclusivamente para aplicaciones hort\u00edcolas. Los contenidos de nutrientes declarados se refieren a la fecha de comercializaci\u00f3n; son posibles fluctuaciones espec\u00edficas del producto. En caso de almacenamiento prolongado, compruebe el contenido (nutrientes, pH, contenido de sal) antes de utilizar el producto. Los consejos oficiales tienen prioridad. No mezclar con piensos.<\/p>\n<p class=\"p2\"><strong>Volumen neto:<\/strong> 50 L <span class=\"s1\">(EN 12580)<\/span><\/p>\n<p class=\"p2\">","protected":false},"excerpt":{"rendered":"<p class=\"p1\"><strong><em>Nutrientes disponibles para las plantas (solubles) (extra\u00edbles):<\/em><\/strong><\/p>\n<ul>\n<li class=\"p1\">Nitr\u00f3geno (N): 400 mg\/l (CaCl )<\/li>\n<li class=\"p1\">Fosfato (P O ): 1.800 mg\/l (CAL)<\/li>\n<li class=\"p1\">\u00d3xido de potasio (K O): 1.200 mg\/l (CAL)<\/li>\n<li class=\"p1\">Magnesio (Mg): 900 mg\/l (CaCl )<\/li>\n<li class=\"p1\">Azufre (S): 1.700 mg\/l (CaCl )<\/li>\n<\/ul>","protected":false},"featured_media":384,"comment_status":"open","ping_status":"closed","template":"","meta":[],"product_brand":[],"product_cat":[20,17],"product_tag":[],"class_list":{"0":"post-378","1":"product","2":"type-product","3":"status-publish","4":"has-post-thumbnail","6":"product_cat-monster-living-soil","7":"product_cat-substrates","9":"first","10":"instock","11":"shipping-taxable","12":"product-type-simple"},"_links":{"self":[{"href":"https:\/\/www.supreme-products.com\/es\/wp-json\/wp\/v2\/product\/378","targetHints":{"allow":["GET"]}}],"collection":[{"href":"https:\/\/www.supreme-products.com\/es\/wp-json\/wp\/v2\/product"}],"about":[{"href":"https:\/\/www.supreme-products.com\/es\/wp-json\/wp\/v2\/types\/product"}],"replies":[{"embeddable":true,"href":"https:\/\/www.supreme-products.com\/es\/wp-json\/wp\/v2\/comments?post=378"}],"wp:featuredmedia":[{"embeddable":true,"href":"https:\/\/www.supreme-products.com\/es\/wp-json\/wp\/v2\/media\/384"}],"wp:attachment":[{"href":"https:\/\/www.supreme-products.com\/es\/wp-json\/wp\/v2\/media?parent=378"}],"wp:term":[{"taxonomy":"product_brand","embeddable":true,"href":"https:\/\/www.supreme-products.com\/es\/wp-json\/wp\/v2\/product_brand?post=378"},{"taxonomy":"product_cat","embeddable":true,"href":"https:\/\/www.supreme-products.com\/es\/wp-json\/wp\/v2\/product_cat?post=378"},{"taxonomy":"product_tag","embeddable":true,"href":"https:\/\/www.supreme-products.com\/es\/wp-json\/wp\/v2\/product_tag?post=378"}],"curies":[{"name":"wp","href":"https:\/\/api.w.org\/{rel}","templated":true}]}}