{"id":409,"date":"2025-10-10T14:26:40","date_gmt":"2025-10-10T14:26:40","guid":{"rendered":"https:\/\/www.supreme-products.com\/?post_type=product&#038;p=409"},"modified":"2025-10-10T14:26:52","modified_gmt":"2025-10-10T14:26:52","slug":"coco-b","status":"publish","type":"product","link":"https:\/\/www.supreme-products.com\/de\/produkt\/coco-b\/","title":{"rendered":"Coco B"},"content":{"rendered":"<h3 class=\"p1\">Erg\u00e4nzen Sie Supreme Coco A mit Supreme Coco B und verbessern Sie so die N\u00e4hrstoffverf\u00fcgbarkeit f\u00fcr ein robustes Wachstum und eine hervorragende Pflanzengesundheit in Kokossubstraten.<\/h3>\n<p class=\"p1\"><em><strong>Verwenden Sie Supreme Coco B in Kombination mit Coco A.<\/strong><\/em><\/p>\n<p class=\"p1\"><strong>GEBRAUCHSANWEISUNG<\/strong><\/p>\n<ul>\n<li class=\"p1\">Vor Gebrauch gut sch\u00fctteln.<\/li>\n<li class=\"p1\">Zugabe: 1,5-4 mL pro L Wasser.<\/li>\n<li class=\"p1\">Verwenden Sie diese N\u00e4hrstoffl\u00f6sung bei jeder Bew\u00e4sserung w\u00e4hrend der Wachstums- und Bl\u00fctephase.<\/li>\n<li class=\"p1\">Geben Sie zun\u00e4chst Coco A in den N\u00e4hrstoffbeh\u00e4lter und r\u00fchren Sie gut um, dann f\u00fcgen Sie Coco B hinzu.<\/li>\n<li class=\"p1\">F\u00fcr jede Dosis Coco A ist die gleiche Menge Coco B zu verwenden.<\/li>\n<\/ul>\n<p class=\"p1\"><strong>LAGERUNG<\/strong><\/p>\n<ul>\n<li class=\"p1\">Au\u00dferhalb der Reichweite von Kindern aufbewahren.<\/li>\n<li class=\"p1\">An einem k\u00fchlen und trockenen Ort aufbewahren.<\/li>\n<li class=\"p1\">Bewahren Sie das Produkt im Originalbeh\u00e4lter auf.<\/li>\n<\/ul>\n<p class=\"p2\"><em>SICHERHEITSDATENBLATT AUF ANFRAGE ERH\u00c4LTLICH.<\/em><\/p>","protected":false},"excerpt":{"rendered":"<h3 class=\"p1\">Zweikomponentend\u00fcnger f\u00fcr Coco.<\/h3>\n<p class=\"p1\">Erg\u00e4nzen Sie Supreme Coco A mit Supreme Coco B und verbessern Sie so die N\u00e4hrstoffverf\u00fcgbarkeit f\u00fcr ein robustes Wachstum und eine hervorragende Pflanzengesundheit in Kokossubstraten.<\/p>","protected":false},"featured_media":388,"comment_status":"open","ping_status":"closed","template":"","meta":[],"product_brand":[],"product_cat":[21],"product_tag":[],"class_list":{"0":"post-409","1":"product","2":"type-product","3":"status-publish","4":"has-post-thumbnail","6":"product_cat-fertilizers","8":"first","9":"instock","10":"shipping-taxable","11":"product-type-simple"},"_links":{"self":[{"href":"https:\/\/www.supreme-products.com\/de\/wp-json\/wp\/v2\/product\/409","targetHints":{"allow":["GET"]}}],"collection":[{"href":"https:\/\/www.supreme-products.com\/de\/wp-json\/wp\/v2\/product"}],"about":[{"href":"https:\/\/www.supreme-products.com\/de\/wp-json\/wp\/v2\/types\/product"}],"replies":[{"embeddable":true,"href":"https:\/\/www.supreme-products.com\/de\/wp-json\/wp\/v2\/comments?post=409"}],"wp:featuredmedia":[{"embeddable":true,"href":"https:\/\/www.supreme-products.com\/de\/wp-json\/wp\/v2\/media\/388"}],"wp:attachment":[{"href":"https:\/\/www.supreme-products.com\/de\/wp-json\/wp\/v2\/media?parent=409"}],"wp:term":[{"taxonomy":"product_brand","embeddable":true,"href":"https:\/\/www.supreme-products.com\/de\/wp-json\/wp\/v2\/product_brand?post=409"},{"taxonomy":"product_cat","embeddable":true,"href":"https:\/\/www.supreme-products.com\/de\/wp-json\/wp\/v2\/product_cat?post=409"},{"taxonomy":"product_tag","embeddable":true,"href":"https:\/\/www.supreme-products.com\/de\/wp-json\/wp\/v2\/product_tag?post=409"}],"curies":[{"name":"wp","href":"https:\/\/api.w.org\/{rel}","templated":true}]}}