{"id":404,"date":"2025-10-10T13:57:43","date_gmt":"2025-10-10T13:57:43","guid":{"rendered":"https:\/\/www.supreme-products.com\/?post_type=product&#038;p=404"},"modified":"2025-10-10T13:57:43","modified_gmt":"2025-10-10T13:57:43","slug":"terra-veg","status":"publish","type":"product","link":"https:\/\/www.supreme-products.com\/de\/produkt\/terra-veg\/","title":{"rendered":"Terra Veg"},"content":{"rendered":"<h3>Versorgen Sie Ihre Pflanzen in der Vegetationsphase mit Supreme Terra Veg und liefern Sie ihnen die essentiellen N\u00e4hrstoffe, die sie f\u00fcr ein \u00fcppiges, lebendiges Laub ben\u00f6tigen.<\/h3>\n<p class=\"p1\"><strong>WACHSTUMSD\u00dcNGER<\/strong><\/p>\n<p class=\"p1\"><strong>GEBRAUCHSANWEISUNG<\/strong><\/p>\n<ul>\n<li class=\"p1\">Vor Gebrauch gut sch\u00fctteln.<\/li>\n<li class=\"p1\">Zugabe: 1-5 mL pro L Wasser.<\/li>\n<li class=\"p1\">Verwenden Sie diese N\u00e4hrl\u00f6sung bei jeder Bew\u00e4sserung w\u00e4hrend der Wachstumsphase.<\/li>\n<\/ul>\n<p class=\"p1\"><strong>LAGERUNG<\/strong><\/p>\n<ul>\n<li class=\"p1\">Au\u00dferhalb der Reichweite von Kindern aufbewahren.<\/li>\n<li class=\"p1\">An einem k\u00fchlen und trockenen Ort aufbewahren.<\/li>\n<li class=\"p1\">Bewahren Sie das Produkt im Originalbeh\u00e4lter auf.<\/li>\n<\/ul>\n<p class=\"p2\"><em>SICHERHEITSDATENBLATT AUF ANFRAGE ERH\u00c4LTLICH.<\/em><\/p>","protected":false},"excerpt":{"rendered":"<h3 class=\"p1\">Essentielle N\u00e4hrstoffe, die f\u00fcr ein kr\u00e4ftiges Wachstum ben\u00f6tigt werden.<\/h3>\n<p class=\"p1\">Versorgen Sie Ihre Pflanzen in der Vegetationsphase mit Supreme Terra Veg und liefern Sie ihnen die essentiellen N\u00e4hrstoffe, die sie f\u00fcr ein \u00fcppiges, lebendiges Laub ben\u00f6tigen.<\/p>","protected":false},"featured_media":393,"comment_status":"open","ping_status":"closed","template":"","meta":[],"product_brand":[],"product_cat":[21],"product_tag":[],"class_list":{"0":"post-404","1":"product","2":"type-product","3":"status-publish","4":"has-post-thumbnail","6":"product_cat-fertilizers","8":"first","9":"instock","10":"shipping-taxable","11":"product-type-simple"},"_links":{"self":[{"href":"https:\/\/www.supreme-products.com\/de\/wp-json\/wp\/v2\/product\/404","targetHints":{"allow":["GET"]}}],"collection":[{"href":"https:\/\/www.supreme-products.com\/de\/wp-json\/wp\/v2\/product"}],"about":[{"href":"https:\/\/www.supreme-products.com\/de\/wp-json\/wp\/v2\/types\/product"}],"replies":[{"embeddable":true,"href":"https:\/\/www.supreme-products.com\/de\/wp-json\/wp\/v2\/comments?post=404"}],"wp:featuredmedia":[{"embeddable":true,"href":"https:\/\/www.supreme-products.com\/de\/wp-json\/wp\/v2\/media\/393"}],"wp:attachment":[{"href":"https:\/\/www.supreme-products.com\/de\/wp-json\/wp\/v2\/media?parent=404"}],"wp:term":[{"taxonomy":"product_brand","embeddable":true,"href":"https:\/\/www.supreme-products.com\/de\/wp-json\/wp\/v2\/product_brand?post=404"},{"taxonomy":"product_cat","embeddable":true,"href":"https:\/\/www.supreme-products.com\/de\/wp-json\/wp\/v2\/product_cat?post=404"},{"taxonomy":"product_tag","embeddable":true,"href":"https:\/\/www.supreme-products.com\/de\/wp-json\/wp\/v2\/product_tag?post=404"}],"curies":[{"name":"wp","href":"https:\/\/api.w.org\/{rel}","templated":true}]}}