{"id":402,"date":"2025-10-10T13:55:47","date_gmt":"2025-10-10T13:55:47","guid":{"rendered":"https:\/\/www.supreme-products.com\/?post_type=product&#038;p=402"},"modified":"2025-10-10T13:55:47","modified_gmt":"2025-10-10T13:55:47","slug":"pk-booster","status":"publish","type":"product","link":"https:\/\/www.supreme-products.com\/de\/produkt\/pk-booster\/","title":{"rendered":"PK-Verst\u00e4rker"},"content":{"rendered":"<h3 class=\"p1\">Ist ein starker Stimulator, der die Bl\u00fcte optimiert und das Wachstum von schwereren, dichteren Knospen f\u00f6rdert.<\/h3>\n<p class=\"p1\">Ein einzigartiges Kohlenstoffmolek\u00fcl stimuliert den Photosyntheseprozess. Es enth\u00e4lt essentiellen Phosphor (P), Kalium (K) und Eisen (Fe), die die Entwicklung von Fr\u00fcchten und Bl\u00fcten f\u00f6rdern und so f\u00fcr einen reichhaltigen und hochwertigen Ertrag sorgen.<\/p>\n<ul>\n<li class=\"p1\">Phosphor regt die Zellteilung der Pflanzen an und f\u00f6rdert die Bl\u00fcten- und Fruchtbildung.<\/li>\n<li class=\"p1\">Kalium st\u00e4rkt die Widerstandsf\u00e4higkeit der Pflanzen und verbessert die Effizienz der Wassernutzung.<\/li>\n<li class=\"p1\">Eisen ist wichtig f\u00fcr die Chlorophyllproduktion und die allgemeine Vitalit\u00e4t der Pflanzen.<\/li>\n<\/ul>\n<p class=\"p1\"><strong>GEBRAUCHSANWEISUNG<\/strong><\/p>\n<ul>\n<li class=\"p1\">Vor Gebrauch gut sch\u00fctteln.<\/li>\n<li class=\"p1\">Zugabe: 1 mL pro L Wasser.<\/li>\n<li class=\"p1\">Ab der vierten Woche der Bl\u00fctephase bei jeder Bew\u00e4sserung anwenden.<\/li>\n<\/ul>\n<p class=\"p1\"><strong>LAGERUNG<\/strong><\/p>\n<ul>\n<li class=\"p1\">Au\u00dferhalb der Reichweite von Kindern aufbewahren.<\/li>\n<li class=\"p1\">An einem k\u00fchlen und trockenen Ort aufbewahren.<\/li>\n<li class=\"p1\">Bewahren Sie das Produkt im Originalbeh\u00e4lter auf.<\/li>\n<\/ul>\n<p class=\"p2\"><em>SICHERHEITSDATENBLATT AUF ANFRAGE ERH\u00c4LTLICH.<\/em><\/p>","protected":false},"excerpt":{"rendered":"<h3 class=\"p1\">F\u00f6rdert die Entwicklung von Fr\u00fcchten und Bl\u00fcten.<\/h3>\n<p class=\"p1\">Ist ein starker Stimulator, der die Bl\u00fcte optimiert und das Wachstum von schwereren, dichteren Knospen f\u00f6rdert.<\/p>","protected":false},"featured_media":391,"comment_status":"open","ping_status":"closed","template":"","meta":[],"product_brand":[],"product_cat":[21],"product_tag":[],"class_list":{"0":"post-402","1":"product","2":"type-product","3":"status-publish","4":"has-post-thumbnail","6":"product_cat-fertilizers","8":"first","9":"instock","10":"shipping-taxable","11":"product-type-simple"},"_links":{"self":[{"href":"https:\/\/www.supreme-products.com\/de\/wp-json\/wp\/v2\/product\/402","targetHints":{"allow":["GET"]}}],"collection":[{"href":"https:\/\/www.supreme-products.com\/de\/wp-json\/wp\/v2\/product"}],"about":[{"href":"https:\/\/www.supreme-products.com\/de\/wp-json\/wp\/v2\/types\/product"}],"replies":[{"embeddable":true,"href":"https:\/\/www.supreme-products.com\/de\/wp-json\/wp\/v2\/comments?post=402"}],"wp:featuredmedia":[{"embeddable":true,"href":"https:\/\/www.supreme-products.com\/de\/wp-json\/wp\/v2\/media\/391"}],"wp:attachment":[{"href":"https:\/\/www.supreme-products.com\/de\/wp-json\/wp\/v2\/media?parent=402"}],"wp:term":[{"taxonomy":"product_brand","embeddable":true,"href":"https:\/\/www.supreme-products.com\/de\/wp-json\/wp\/v2\/product_brand?post=402"},{"taxonomy":"product_cat","embeddable":true,"href":"https:\/\/www.supreme-products.com\/de\/wp-json\/wp\/v2\/product_cat?post=402"},{"taxonomy":"product_tag","embeddable":true,"href":"https:\/\/www.supreme-products.com\/de\/wp-json\/wp\/v2\/product_tag?post=402"}],"curies":[{"name":"wp","href":"https:\/\/api.w.org\/{rel}","templated":true}]}}