{"id":378,"date":"2025-10-10T12:24:06","date_gmt":"2025-10-10T12:24:06","guid":{"rendered":"https:\/\/www.supreme-products.com\/?post_type=product&#038;p=378"},"modified":"2025-10-21T14:06:37","modified_gmt":"2025-10-21T14:06:37","slug":"monster-living-soil-concentrate","status":"publish","type":"product","link":"https:\/\/www.supreme-products.com\/de\/produkt\/monster-living-soil-concentrate\/","title":{"rendered":"Monster Living Soil Konzentrat"},"content":{"rendered":"<h2 class=\"p1\">Konzentriertes Kultursubstrat<\/h2>\n<p class=\"p2\"><strong>Hergestellt aus:<\/strong>Eine Mischung aus Torf und Torfmoos (Zersetzungsgrade H3-H6), Wurmkot und Kokosfasern.<br \/>\n<span class=\"s1\"><strong>Gehalt an organischer Substanz:<\/strong> <\/span>28% (auf der Grundlage der Eigenmasse).<br \/>\n<span class=\"s1\"><strong>Rohmaterialien:<\/strong> <\/span>50% Hochmoortorf (H3-H6), Kokosfasern, Wurmkot, Perlit (0-5 mm Korngr\u00f6\u00dfe), Kalziumkarbonat (CaCO ), magnesiumreicher Kalk (Mg-CaCO ) und NPK 7-7-7 organisch-mineralischer D\u00fcnger.<\/p>\n<p class=\"p2\"><strong>pH-Wert:<\/strong> 7,4 (CaCl )<br \/>\n<strong>Salzgehalt:<\/strong> 6,0 g\/l (KCl-Methode)<\/p>\n<p class=\"p2\"><em><strong>Pflanzenverf\u00fcgbare (l\u00f6sliche) N\u00e4hrstoffe (extrahierbar):<\/strong><\/em><\/p>\n<ul>\n<li class=\"p2\">Stickstoff (N): 400 mg\/l (CaCl )<\/li>\n<li class=\"p2\">Phosphat (P O ): 1.800 mg\/l (CAL)<\/li>\n<li class=\"p2\">Kaliumoxid (K O): 1.200 mg\/l (CAL)<\/li>\n<li class=\"p2\">Magnesium (Mg): 900 mg\/l (CaCl )<\/li>\n<li class=\"p2\">Schwefel (S): 1.700 mg\/l (CaCl )<\/li>\n<\/ul>\n<p class=\"p2\"><strong>Bewerbungshilfen:<\/strong> Perlit zur Verbesserung des Wasserhaushalts; CaCO \/Mg-CaCO zur Anpassung des pH-Werts.<br \/>\n<strong>Lagerung:<\/strong> An einem k\u00fchlen, trockenen und vor Witterungseinfl\u00fcssen gesch\u00fctzten Ort aufbewahren. Angebrochene Beutel wieder verschlie\u00dfen.<br \/>\n<strong>Anwendung:<\/strong> Konzentriertes Kultursubstrat f\u00fcr Zier- und essbare Pflanzen in T\u00f6pfen\/Containern. Vor Gebrauch gr\u00fcndlich verd\u00fcnnen. Mischen Sie Monster Soil Concentrate 1:1 mit einer organischen Erde (z. B. Bio-All-Mix oder Light-Mix). Beispiel: 50 L Monster Soil Concentrate + 50 L All-Mix = 100 L gebrauchsfertige Erde.<\/p>\n<h4 class=\"p1\"><strong>Freiwillige Informationen<\/strong><\/h4>\n<p class=\"p2\"><strong><span class=\"s1\">Mikroorganismen (hinzugef\u00fcgt): <\/span><\/strong>Mykorrhiza, Trichoderma spp. und andere Nutzpilze.<br \/>\n<strong><span class=\"s1\">Biologische Aktivit\u00e4t (PNP): <\/span><\/strong>1,006 g PNP\/g DM\/h - Laborbewertung: Gute Aktivit\u00e4t.<\/p>\n<p><strong>Weitere Empfehlungen f\u00fcr die Verwendung<\/strong><\/p>\n<ul>\n<li class=\"p2\"><span class=\"s1\"><strong>Vorbereitung:<\/strong> <\/span>Um mit dem Anbau zu beginnen, mischen Sie Monster Soil Concentrate 1:1 mit organischer Erde, um ein vollst\u00e4ndig vorged\u00fcngtes Substrat zu erhalten, das sofort einsatzbereit ist.<\/li>\n<li class=\"p2\"><span class=\"s1\"><strong>Topfgr\u00f6\u00dfe:<\/strong> <\/span>Mindestens 11 Liter pro Pflanze.<\/li>\n<li class=\"p2\"><span class=\"s1\"><strong>Setzlinge\/Jungpflanzen:<\/strong> <\/span>Um die Pflanze an Monster Soil zu gew\u00f6hnen, bereiten Sie ein Pflanzloch als Pufferzone mit 0,5 Litern Light Mix vor und pflanzen die Jungpflanze dort ein. Ziehen Sie die Setzlinge in Stecklingen vor.<\/li>\n<li class=\"p2\"><strong><span class=\"s1\">Bew\u00e4sserung: <\/span><\/strong>Nur chlorfreies Wasser verwenden. Keine pH-Einstellung erforderlich. Gleichm\u00e4\u00dfig gie\u00dfen, Staun\u00e4sse vermeiden.<\/li>\n<li class=\"p2\"><strong><span class=\"s1\">Wiederverwendung: <\/span><\/strong>L\u00f6sen Sie die verbrauchte Erde auf und mischen Sie 3-4 Liter frisches Monster Soil Concentrate pro 10 Liter verbrauchtes Substrat.<\/li>\n<\/ul>\n<p class=\"p1\"><strong>Haftungsausschluss<\/strong><\/p>\n<p class=\"p1\">Dieses Produkt ist f\u00fcr den Hobbygebrauch und ausschlie\u00dflich f\u00fcr g\u00e4rtnerische Anwendungen bestimmt. Die angegebenen N\u00e4hrstoffgehalte beziehen sich auf das Freigabedatum; produktspezifische Schwankungen sind m\u00f6glich. Bei l\u00e4ngerer Lagerung ist der Inhalt (N\u00e4hrstoffe, pH-Wert, Salzgehalt) vor der Verwendung zu \u00fcberpr\u00fcfen. Amtliche Hinweise haben Vorrang. Nicht mit Futtermitteln mischen.<\/p>\n<p class=\"p2\"><strong>Nettovolumen \/ Net volume:<\/strong> 50 L <span class=\"s1\">(EN 12580)<\/span><\/p>\n<p class=\"p2\">","protected":false},"excerpt":{"rendered":"<p class=\"p1\"><strong><em>Pflanzenverf\u00fcgbare (l\u00f6sliche) N\u00e4hrstoffe (extrahierbar):<\/em><\/strong><\/p>\n<ul>\n<li class=\"p1\">Stickstoff (N): 400 mg\/l (CaCl )<\/li>\n<li class=\"p1\">Phosphat (P O ): 1.800 mg\/l (CAL)<\/li>\n<li class=\"p1\">Kaliumoxid (K O): 1.200 mg\/l (CAL)<\/li>\n<li class=\"p1\">Magnesium (Mg): 900 mg\/l (CaCl )<\/li>\n<li class=\"p1\">Schwefel (S): 1.700 mg\/l (CaCl )<\/li>\n<\/ul>","protected":false},"featured_media":384,"comment_status":"open","ping_status":"closed","template":"","meta":[],"product_brand":[],"product_cat":[20,17],"product_tag":[],"class_list":{"0":"post-378","1":"product","2":"type-product","3":"status-publish","4":"has-post-thumbnail","6":"product_cat-monster-living-soil","7":"product_cat-substrates","9":"first","10":"instock","11":"shipping-taxable","12":"product-type-simple"},"_links":{"self":[{"href":"https:\/\/www.supreme-products.com\/de\/wp-json\/wp\/v2\/product\/378","targetHints":{"allow":["GET"]}}],"collection":[{"href":"https:\/\/www.supreme-products.com\/de\/wp-json\/wp\/v2\/product"}],"about":[{"href":"https:\/\/www.supreme-products.com\/de\/wp-json\/wp\/v2\/types\/product"}],"replies":[{"embeddable":true,"href":"https:\/\/www.supreme-products.com\/de\/wp-json\/wp\/v2\/comments?post=378"}],"wp:featuredmedia":[{"embeddable":true,"href":"https:\/\/www.supreme-products.com\/de\/wp-json\/wp\/v2\/media\/384"}],"wp:attachment":[{"href":"https:\/\/www.supreme-products.com\/de\/wp-json\/wp\/v2\/media?parent=378"}],"wp:term":[{"taxonomy":"product_brand","embeddable":true,"href":"https:\/\/www.supreme-products.com\/de\/wp-json\/wp\/v2\/product_brand?post=378"},{"taxonomy":"product_cat","embeddable":true,"href":"https:\/\/www.supreme-products.com\/de\/wp-json\/wp\/v2\/product_cat?post=378"},{"taxonomy":"product_tag","embeddable":true,"href":"https:\/\/www.supreme-products.com\/de\/wp-json\/wp\/v2\/product_tag?post=378"}],"curies":[{"name":"wp","href":"https:\/\/api.w.org\/{rel}","templated":true}]}}