{"id":202,"date":"2025-09-02T10:08:20","date_gmt":"2025-09-02T10:08:20","guid":{"rendered":"https:\/\/www.supreme-products.com\/?post_type=product&#038;p=202"},"modified":"2025-10-10T11:42:02","modified_gmt":"2025-10-10T11:42:02","slug":"supreme-lightmix","status":"publish","type":"product","link":"https:\/\/www.supreme-products.com\/de\/produkt\/supreme-lightmix\/","title":{"rendered":"Supreme LightMix"},"content":{"rendered":"<h4>Supreme Light-Mischung<\/h4>\n<p>Supreme Light-Mix besteht aus den allerbesten und \u00e4u\u00dferst sorgf\u00e4ltig ausgew\u00e4hlten baltischen Torfsorten. Durch die Zugabe von verschiedenen, \u00e4u\u00dferst stabilen Torfsorten und Perlit wird ein Luft- und Sauerstoffgehalt erreicht, der den W\u00fcnschen Ihrer Pflanze gerecht wird. Light-Mix wurde nur eine minimale Menge an N\u00e4hrstoffen zugesetzt. Dadurch ist Light-Mix die am besten geeignete Erde, die Sie ganz nach Ihren eigenen Vorstellungen und W\u00fcnschen d\u00fcngen k\u00f6nnen.<\/p>\n<h4 class=\"p1\"><strong>Chemische Analyse<\/strong><\/h4>\n<ul>\n<li class=\"p1\">pH 5,5 (5,0-6,0)<\/li>\n<li class=\"p1\">EC 0,8 (0,6-1,0) mS\/cm<\/li>\n<li class=\"p1\">Messung von pH und EC im Verh\u00e4ltnis 1:1,5<br \/>\n(Extraktionsverfahren in Demi-Wasser.)<\/li>\n<\/ul>\n<h5 class=\"p1\"><em>- 50L - 80 \/ Palette<\/em><\/h5>","protected":false},"excerpt":{"rendered":"<ul>\n<li>Torfmoos mittel 0,45 m3<\/li>\n<li>Schwarzer Torf 0,20 m3<\/li>\n<li>Perlit 1-6 mm 0,10 m3<\/li>\n<li>Braunes Torfgemisch 0,25 m3<\/li>\n<li>Kalkstein Extra 4,30 kg\/m3<\/li>\n<li>PG-Mischung 1 (14-16-18+TE 0,2Mo) 1,00 kg\/m3<\/li>\n<\/ul>","protected":false},"featured_media":266,"comment_status":"open","ping_status":"closed","template":"","meta":[],"product_brand":[],"product_cat":[17],"product_tag":[],"class_list":{"0":"post-202","1":"product","2":"type-product","3":"status-publish","4":"has-post-thumbnail","6":"product_cat-substrates","8":"first","9":"instock","10":"shipping-taxable","11":"product-type-simple"},"_links":{"self":[{"href":"https:\/\/www.supreme-products.com\/de\/wp-json\/wp\/v2\/product\/202","targetHints":{"allow":["GET"]}}],"collection":[{"href":"https:\/\/www.supreme-products.com\/de\/wp-json\/wp\/v2\/product"}],"about":[{"href":"https:\/\/www.supreme-products.com\/de\/wp-json\/wp\/v2\/types\/product"}],"replies":[{"embeddable":true,"href":"https:\/\/www.supreme-products.com\/de\/wp-json\/wp\/v2\/comments?post=202"}],"wp:featuredmedia":[{"embeddable":true,"href":"https:\/\/www.supreme-products.com\/de\/wp-json\/wp\/v2\/media\/266"}],"wp:attachment":[{"href":"https:\/\/www.supreme-products.com\/de\/wp-json\/wp\/v2\/media?parent=202"}],"wp:term":[{"taxonomy":"product_brand","embeddable":true,"href":"https:\/\/www.supreme-products.com\/de\/wp-json\/wp\/v2\/product_brand?post=202"},{"taxonomy":"product_cat","embeddable":true,"href":"https:\/\/www.supreme-products.com\/de\/wp-json\/wp\/v2\/product_cat?post=202"},{"taxonomy":"product_tag","embeddable":true,"href":"https:\/\/www.supreme-products.com\/de\/wp-json\/wp\/v2\/product_tag?post=202"}],"curies":[{"name":"wp","href":"https:\/\/api.w.org\/{rel}","templated":true}]}}