{"id":402,"date":"2025-10-10T13:55:47","date_gmt":"2025-10-10T13:55:47","guid":{"rendered":"https:\/\/www.supreme-products.com\/?post_type=product&#038;p=402"},"modified":"2025-10-10T13:55:47","modified_gmt":"2025-10-10T13:55:47","slug":"pk-booster","status":"publish","type":"product","link":"https:\/\/www.supreme-products.com\/cs\/product\/pk-booster\/","title":{"rendered":"PK Booster"},"content":{"rendered":"<h3 class=\"p1\">Je siln\u00fd stimul\u00e1tor, kter\u00fd optimalizuje kveten\u00ed a podporuje r\u016fst t\u011b\u017e\u0161\u00edch a hust\u0161\u00edch pupen\u016f.<\/h3>\n<p class=\"p1\">Jedine\u010dn\u00e1 molekula uhl\u00edku stimuluje proces fotosynt\u00e9zy. Obsahuje esenci\u00e1ln\u00ed fosfor (P), drasl\u00edk (K) a \u017eelezo (Fe), kter\u00e9 podporuj\u00ed v\u00fdvoj plod\u016f a kv\u011bt\u016f pro bohatou a kvalitn\u00ed \u00farodu.<\/p>\n<ul>\n<li class=\"p1\">Fosfor podporuje d\u011blen\u00ed bun\u011bk rostlin a zvy\u0161uje produkci kv\u011bt\u016f a plod\u016f.<\/li>\n<li class=\"p1\">Drasl\u00edk posiluje odolnost rostlin a zlep\u0161uje \u00fa\u010dinnost vyu\u017eit\u00ed vody.<\/li>\n<li class=\"p1\">\u017delezo je nezbytn\u00e9 pro tvorbu chlorofylu a celkovou vitalitu rostlin.<\/li>\n<\/ul>\n<p class=\"p1\"><strong>N\u00c1VOD K POU\u017dIT\u00cd<\/strong><\/p>\n<ul>\n<li class=\"p1\">P\u0159ed pou\u017eit\u00edm dob\u0159e prot\u0159epejte.<\/li>\n<li class=\"p1\">P\u0159idejte: 1 ml na 1 l vody.<\/li>\n<li class=\"p1\">Pou\u017e\u00edvejte p\u0159i ka\u017ed\u00e9m zal\u00e9v\u00e1n\u00ed, po\u010d\u00ednaje \u010dtvrt\u00fdm t\u00fddnem f\u00e1ze kveten\u00ed.<\/li>\n<\/ul>\n<p class=\"p1\"><strong>SKLADOV\u00c1N\u00cd<\/strong><\/p>\n<ul>\n<li class=\"p1\">Uchov\u00e1vejte mimo dosah d\u011bt\u00ed.<\/li>\n<li class=\"p1\">Skladujte na chladn\u00e9m a such\u00e9m m\u00edst\u011b.<\/li>\n<li class=\"p1\">V\u00fdrobek uchov\u00e1vejte v p\u016fvodn\u00edm obalu.<\/li>\n<\/ul>\n<p class=\"p2\"><em>BEZPE\u010cNOSTN\u00cd LIST JE K DISPOZICI NA VY\u017d\u00c1D\u00c1N\u00cd.<\/em><\/p>","protected":false},"excerpt":{"rendered":"<h3 class=\"p1\">Zlep\u0161uje v\u00fdvoj plod\u016f a kv\u011bt\u016f.<\/h3>\n<p class=\"p1\">Je siln\u00fd stimul\u00e1tor, kter\u00fd optimalizuje kveten\u00ed a podporuje r\u016fst t\u011b\u017e\u0161\u00edch a hust\u0161\u00edch pupen\u016f.<\/p>","protected":false},"featured_media":391,"comment_status":"open","ping_status":"closed","template":"","meta":[],"product_brand":[],"product_cat":[21],"product_tag":[],"class_list":{"0":"post-402","1":"product","2":"type-product","3":"status-publish","4":"has-post-thumbnail","6":"product_cat-fertilizers","8":"first","9":"instock","10":"shipping-taxable","11":"product-type-simple"},"_links":{"self":[{"href":"https:\/\/www.supreme-products.com\/cs\/wp-json\/wp\/v2\/product\/402","targetHints":{"allow":["GET"]}}],"collection":[{"href":"https:\/\/www.supreme-products.com\/cs\/wp-json\/wp\/v2\/product"}],"about":[{"href":"https:\/\/www.supreme-products.com\/cs\/wp-json\/wp\/v2\/types\/product"}],"replies":[{"embeddable":true,"href":"https:\/\/www.supreme-products.com\/cs\/wp-json\/wp\/v2\/comments?post=402"}],"wp:featuredmedia":[{"embeddable":true,"href":"https:\/\/www.supreme-products.com\/cs\/wp-json\/wp\/v2\/media\/391"}],"wp:attachment":[{"href":"https:\/\/www.supreme-products.com\/cs\/wp-json\/wp\/v2\/media?parent=402"}],"wp:term":[{"taxonomy":"product_brand","embeddable":true,"href":"https:\/\/www.supreme-products.com\/cs\/wp-json\/wp\/v2\/product_brand?post=402"},{"taxonomy":"product_cat","embeddable":true,"href":"https:\/\/www.supreme-products.com\/cs\/wp-json\/wp\/v2\/product_cat?post=402"},{"taxonomy":"product_tag","embeddable":true,"href":"https:\/\/www.supreme-products.com\/cs\/wp-json\/wp\/v2\/product_tag?post=402"}],"curies":[{"name":"wp","href":"https:\/\/api.w.org\/{rel}","templated":true}]}}