{"id":378,"date":"2025-10-10T12:24:06","date_gmt":"2025-10-10T12:24:06","guid":{"rendered":"https:\/\/www.supreme-products.com\/?post_type=product&#038;p=378"},"modified":"2025-10-21T14:06:37","modified_gmt":"2025-10-21T14:06:37","slug":"monster-living-soil-concentrate","status":"publish","type":"product","link":"https:\/\/www.supreme-products.com\/cs\/product\/monster-living-soil-concentrate\/","title":{"rendered":"Koncentr\u00e1t p\u016fdy Monster Living"},"content":{"rendered":"<h2 class=\"p1\">Koncentrovan\u00fd p\u011bstebn\u00ed substr\u00e1t<\/h2>\n<p class=\"p2\"><strong>Vyrobeno z:<\/strong>Sm\u011bs bylinn\u00e9 ra\u0161eliny a mechu sphagnum (stupn\u011b rozkladu H3-H6), odlitk\u016f \u017e\u00ed\u017eal a kokosov\u00fdch vl\u00e1ken.<br \/>\n<span class=\"s1\"><strong>Obsah organick\u00fdch l\u00e1tek:<\/strong> <\/span>28% (na z\u00e1klad\u011b \u010dist\u00e9 hmotnosti).<br \/>\n<span class=\"s1\"><strong>Suroviny:<\/strong> <\/span>50% ra\u0161elina z vrchovi\u0161t\u011b (H3-H6), kokosov\u00e9 vl\u00e1kno, odlitky \u017e\u00ed\u017eal, perlit (zrnitost 0-5 mm), uhli\u010ditan v\u00e1penat\u00fd (CaCO ), v\u00e1pno bohat\u00e9 na ho\u0159\u010d\u00edk (Mg-CaCO ) a organominer\u00e1ln\u00ed hnojivo NPK 7-7-7.<\/p>\n<p class=\"p2\"><strong>pH:<\/strong> 7,4 (CaCl )<br \/>\n<strong>Slanost:<\/strong> 6,0 g\/l (metoda KCl)<\/p>\n<p class=\"p2\"><em><strong>Rostlinn\u00e9 (rozpustn\u00e9) \u017eiviny (extrahovateln\u00e9):<\/strong><\/em><\/p>\n<ul>\n<li class=\"p2\">Dus\u00edk (N): 400 mg\/l (CaCl )<\/li>\n<li class=\"p2\">Fosf\u00e1ty (P O ): 1 800 mg\/l (CAL)<\/li>\n<li class=\"p2\">Oxid draseln\u00fd (K O): (CAL): 1 200 mg\/l<\/li>\n<li class=\"p2\">Ho\u0159\u010d\u00edk (Mg): (CaCl ): 900 mg\/l<\/li>\n<li class=\"p2\">S\u00edra (S): 1 700 mg\/l (CaCl )<\/li>\n<\/ul>\n<p class=\"p2\"><strong>Pom\u016fcky pro pou\u017eit\u00ed:<\/strong> Perlit pro zlep\u0161en\u00ed vodn\u00ed bilance; CaCO \/Mg-CaCO pro \u00fapravu pH.<br \/>\n<strong>Skladov\u00e1n\u00ed:<\/strong> Skladujte na chladn\u00e9m a such\u00e9m m\u00edst\u011b, chr\u00e1n\u011bn\u00e9m p\u0159ed pov\u011btrnostn\u00edmi vlivy. Otev\u0159en\u00e9 s\u00e1\u010dky znovu uzav\u0159ete.<br \/>\n<strong>Pou\u017eit\u00ed:<\/strong> Koncentrovan\u00e9 p\u011bstebn\u00ed m\u00e9dium pro okrasn\u00e9 a jedl\u00e9 rostliny v kv\u011btin\u00e1\u010d\u00edch\/kontejnerech. P\u0159ed pou\u017eit\u00edm d\u016fkladn\u011b na\u0159e\u010fte. Sm\u00edchejte Monster Soil Concentrate 1:1 s organickou p\u016fdou (nap\u0159. organickou All-Mix nebo Light-Mix). P\u0159\u00edklad: 50 l Monster Soil Concentrate + 50 l All-Mix = 100 l zeminy p\u0159ipraven\u00e9 k pou\u017eit\u00ed.<\/p>\n<h4 class=\"p1\"><strong>Dobrovoln\u00e9 informace<\/strong><\/h4>\n<p class=\"p2\"><strong><span class=\"s1\">Mikroorganismy (p\u0159id\u00e1no): <\/span><\/strong>Mykorhiza, Trichoderma spp., dal\u0161\u00ed u\u017eite\u010dn\u00e9 houby.<br \/>\n<strong><span class=\"s1\">Biologick\u00e1 aktivita (PNP): <\/span><\/strong>1,006 g PNP\/g DM\/h - Laboratorn\u00ed hodnocen\u00ed: Dobr\u00e1 aktivita.<\/p>\n<p><strong>Dal\u0161\u00ed doporu\u010den\u00ed pro pou\u017eit\u00ed<\/strong><\/p>\n<ul>\n<li class=\"p2\"><span class=\"s1\"><strong>P\u0159\u00edprava:<\/strong> <\/span>Chcete-li za\u010d\u00edt p\u011bstovat, sm\u00edchejte p\u016fdn\u00ed koncentr\u00e1t Monster Soil v pom\u011bru 1:1 s organickou p\u016fdou a z\u00edskejte pln\u011b p\u0159edhnojen\u00fd substr\u00e1t p\u0159ipraven\u00fd k pou\u017eit\u00ed.<\/li>\n<li class=\"p2\"><span class=\"s1\"><strong>Velikost hrnce:<\/strong> <\/span>Nejm\u00e9n\u011b 11 litr\u016f na rostlinu.<\/li>\n<li class=\"p2\"><span class=\"s1\"><strong>Sazenice\/mlad\u00e9 rostliny:<\/strong> <\/span>Pro aklimatizaci rostliny na p\u016fdu Monster p\u0159ipravte v\u00fdsadbovou jamku jako n\u00e1razn\u00edkovou z\u00f3nu s 0,5 litru sm\u011bsi Light Mix a zasa\u010fte do n\u00ed mladou rostlinu. P\u0159edp\u011bstujte sazenice v p\u011bstebn\u00edch z\u00e1tk\u00e1ch.<\/li>\n<li class=\"p2\"><strong><span class=\"s1\">Zavla\u017eov\u00e1n\u00ed: <\/span><\/strong>Pou\u017e\u00edvejte pouze vodu bez chl\u00f3ru. \u00daprava pH nen\u00ed nutn\u00e1. Zal\u00e9vejte rovnom\u011brn\u011b, aby nedo\u0161lo k p\u0159emok\u0159en\u00ed.<\/li>\n<li class=\"p2\"><strong><span class=\"s1\">Op\u011btovn\u00e9 pou\u017eit\u00ed: <\/span><\/strong>Pou\u017eitou zeminu uvoln\u011bte a na ka\u017ed\u00fdch 10 litr\u016f pou\u017eit\u00e9ho substr\u00e1tu p\u0159im\u00edchejte 3-4 litry \u010derstv\u00e9ho p\u016fdn\u00edho koncentr\u00e1tu Monster.<\/li>\n<\/ul>\n<p class=\"p1\"><strong>Odm\u00edtnut\u00ed odpov\u011bdnosti<\/strong><\/p>\n<p class=\"p1\">Tento v\u00fdrobek je ur\u010den pro hobby pou\u017eit\u00ed a v\u00fdhradn\u011b pro zahradnick\u00e9 aplikace. Deklarovan\u00e9 obsahy \u017eivin se vztahuj\u00ed k datu vyd\u00e1n\u00ed; jsou mo\u017en\u00e9 v\u00fdkyvy specifick\u00e9 pro dan\u00fd v\u00fdrobek. P\u0159i del\u0161\u00edm skladov\u00e1n\u00ed zkontrolujte p\u0159ed pou\u017eit\u00edm obsah (\u017eiviny, pH, obsah soli). \u00da\u0159edn\u00ed doporu\u010den\u00ed maj\u00ed p\u0159ednost. Nem\u00edchejte s krmivy pro zv\u00ed\u0159ata.<\/p>\n<p class=\"p2\"><strong>Nettovolumen \/ \u010cist\u00fd objem:<\/strong> 50 L <span class=\"s1\">(EN 12580)<\/span><\/p>\n<p class=\"p2\">","protected":false},"excerpt":{"rendered":"<p class=\"p1\"><strong><em>Rostlinn\u00e9 (rozpustn\u00e9) \u017eiviny (extrahovateln\u00e9):<\/em><\/strong><\/p>\n<ul>\n<li class=\"p1\">Dus\u00edk (N): 400 mg\/l (CaCl )<\/li>\n<li class=\"p1\">Fosf\u00e1ty (P O ): 1 800 mg\/l (CAL)<\/li>\n<li class=\"p1\">Oxid draseln\u00fd (K O): (CAL): 1 200 mg\/l<\/li>\n<li class=\"p1\">Ho\u0159\u010d\u00edk (Mg): (CaCl ): 900 mg\/l<\/li>\n<li class=\"p1\">S\u00edra (S): 1 700 mg\/l (CaCl )<\/li>\n<\/ul>","protected":false},"featured_media":384,"comment_status":"open","ping_status":"closed","template":"","meta":[],"product_brand":[],"product_cat":[20,17],"product_tag":[],"class_list":{"0":"post-378","1":"product","2":"type-product","3":"status-publish","4":"has-post-thumbnail","6":"product_cat-monster-living-soil","7":"product_cat-substrates","9":"first","10":"instock","11":"shipping-taxable","12":"product-type-simple"},"_links":{"self":[{"href":"https:\/\/www.supreme-products.com\/cs\/wp-json\/wp\/v2\/product\/378","targetHints":{"allow":["GET"]}}],"collection":[{"href":"https:\/\/www.supreme-products.com\/cs\/wp-json\/wp\/v2\/product"}],"about":[{"href":"https:\/\/www.supreme-products.com\/cs\/wp-json\/wp\/v2\/types\/product"}],"replies":[{"embeddable":true,"href":"https:\/\/www.supreme-products.com\/cs\/wp-json\/wp\/v2\/comments?post=378"}],"wp:featuredmedia":[{"embeddable":true,"href":"https:\/\/www.supreme-products.com\/cs\/wp-json\/wp\/v2\/media\/384"}],"wp:attachment":[{"href":"https:\/\/www.supreme-products.com\/cs\/wp-json\/wp\/v2\/media?parent=378"}],"wp:term":[{"taxonomy":"product_brand","embeddable":true,"href":"https:\/\/www.supreme-products.com\/cs\/wp-json\/wp\/v2\/product_brand?post=378"},{"taxonomy":"product_cat","embeddable":true,"href":"https:\/\/www.supreme-products.com\/cs\/wp-json\/wp\/v2\/product_cat?post=378"},{"taxonomy":"product_tag","embeddable":true,"href":"https:\/\/www.supreme-products.com\/cs\/wp-json\/wp\/v2\/product_tag?post=378"}],"curies":[{"name":"wp","href":"https:\/\/api.w.org\/{rel}","templated":true}]}}